{"id":374,"date":"2020-07-17T15:17:14","date_gmt":"2020-07-17T13:17:14","guid":{"rendered":"https:\/\/www.morelli.cz\/hlavni-strana\/"},"modified":"2023-03-28T14:02:37","modified_gmt":"2023-03-28T12:02:37","slug":"hlavni-strana","status":"publish","type":"page","link":"https:\/\/www.morelli.cz\/en\/","title":{"rendered":"Homepage"},"content":{"rendered":"","protected":false},"excerpt":{"rendered":"","protected":false},"author":2,"featured_media":0,"parent":0,"menu_order":-1,"comment_status":"closed","ping_status":"closed","template":"page-home.php","meta":{"inline_featured_image":false,"_exactmetrics_skip_tracking":false,"_exactmetrics_sitenote_active":false,"_exactmetrics_sitenote_note":"","_exactmetrics_sitenote_category":0},"acf":[],"yoast_head":"<!-- This site is optimized with the Yoast SEO plugin v20.4 - https:\/\/yoast.com\/wordpress\/plugins\/seo\/ -->\n<title>Homepage - Morelli Electronic<\/title>\n<meta name=\"description\" content=\"Spole\u010dnost Morelli Electronics s.r.o. vznikla za\u010d\u00e1tkem roku 2013 spojen\u00edm dlouholet\u00fdch partner\u016f v oblasti elektroniky.\" \/>\n<meta name=\"robots\" content=\"index, follow, max-snippet:-1, max-image-preview:large, max-video-preview:-1\" \/>\n<link rel=\"canonical\" href=\"https:\/\/www.morelli.cz\/en\/\" \/>\n<meta property=\"og:locale\" content=\"en_US\" \/>\n<meta property=\"og:type\" content=\"article\" \/>\n<meta property=\"og:title\" content=\"Homepage - Morelli Electronic\" \/>\n<meta property=\"og:description\" content=\"Spole\u010dnost Morelli Electronics s.r.o. vznikla za\u010d\u00e1tkem roku 2013 spojen\u00edm dlouholet\u00fdch partner\u016f v oblasti elektroniky.\" \/>\n<meta property=\"og:url\" content=\"https:\/\/www.morelli.cz\/en\/\" \/>\n<meta property=\"og:site_name\" content=\"Morelli Electronic\" \/>\n<meta property=\"article:modified_time\" content=\"2023-03-28T12:02:37+00:00\" \/>\n<meta name=\"twitter:card\" content=\"summary_large_image\" \/>\n<script type=\"application\/ld+json\" class=\"yoast-schema-graph\">{\"@context\":\"https:\/\/schema.org\",\"@graph\":[{\"@type\":\"WebPage\",\"@id\":\"https:\/\/www.morelli.cz\/en\/\",\"url\":\"https:\/\/www.morelli.cz\/en\/\",\"name\":\"Homepage - Morelli Electronic\",\"isPartOf\":{\"@id\":\"https:\/\/www.morelli.cz\/en\/#website\"},\"datePublished\":\"2020-07-17T13:17:14+00:00\",\"dateModified\":\"2023-03-28T12:02:37+00:00\",\"description\":\"Spole\u010dnost Morelli Electronics s.r.o. vznikla za\u010d\u00e1tkem roku 2013 spojen\u00edm dlouholet\u00fdch partner\u016f v oblasti elektroniky.\",\"inLanguage\":\"en-US\",\"potentialAction\":[{\"@type\":\"ReadAction\",\"target\":[\"https:\/\/www.morelli.cz\/en\/\"]}]},{\"@type\":\"WebSite\",\"@id\":\"https:\/\/www.morelli.cz\/en\/#website\",\"url\":\"https:\/\/www.morelli.cz\/en\/\",\"name\":\"Morelli Electronic\",\"description\":\"\",\"potentialAction\":[{\"@type\":\"SearchAction\",\"target\":{\"@type\":\"EntryPoint\",\"urlTemplate\":\"https:\/\/www.morelli.cz\/en\/?s={search_term_string}\"},\"query-input\":\"required name=search_term_string\"}],\"inLanguage\":\"en-US\"}]}<\/script>\n<!-- \/ Yoast SEO plugin. -->","yoast_head_json":{"title":"Homepage - Morelli Electronic","description":"Spole\u010dnost Morelli Electronics s.r.o. vznikla za\u010d\u00e1tkem roku 2013 spojen\u00edm dlouholet\u00fdch partner\u016f v oblasti elektroniky.","robots":{"index":"index","follow":"follow","max-snippet":"max-snippet:-1","max-image-preview":"max-image-preview:large","max-video-preview":"max-video-preview:-1"},"canonical":"https:\/\/www.morelli.cz\/en\/","og_locale":"en_US","og_type":"article","og_title":"Homepage - Morelli Electronic","og_description":"Spole\u010dnost Morelli Electronics s.r.o. vznikla za\u010d\u00e1tkem roku 2013 spojen\u00edm dlouholet\u00fdch partner\u016f v oblasti elektroniky.","og_url":"https:\/\/www.morelli.cz\/en\/","og_site_name":"Morelli Electronic","article_modified_time":"2023-03-28T12:02:37+00:00","twitter_card":"summary_large_image","schema":{"@context":"https:\/\/schema.org","@graph":[{"@type":"WebPage","@id":"https:\/\/www.morelli.cz\/en\/","url":"https:\/\/www.morelli.cz\/en\/","name":"Homepage - Morelli Electronic","isPartOf":{"@id":"https:\/\/www.morelli.cz\/en\/#website"},"datePublished":"2020-07-17T13:17:14+00:00","dateModified":"2023-03-28T12:02:37+00:00","description":"Spole\u010dnost Morelli Electronics s.r.o. vznikla za\u010d\u00e1tkem roku 2013 spojen\u00edm dlouholet\u00fdch partner\u016f v oblasti elektroniky.","inLanguage":"en-US","potentialAction":[{"@type":"ReadAction","target":["https:\/\/www.morelli.cz\/en\/"]}]},{"@type":"WebSite","@id":"https:\/\/www.morelli.cz\/en\/#website","url":"https:\/\/www.morelli.cz\/en\/","name":"Morelli Electronic","description":"","potentialAction":[{"@type":"SearchAction","target":{"@type":"EntryPoint","urlTemplate":"https:\/\/www.morelli.cz\/en\/?s={search_term_string}"},"query-input":"required name=search_term_string"}],"inLanguage":"en-US"}]}},"_links":{"self":[{"href":"https:\/\/www.morelli.cz\/en\/wp-json\/wp\/v2\/pages\/374"}],"collection":[{"href":"https:\/\/www.morelli.cz\/en\/wp-json\/wp\/v2\/pages"}],"about":[{"href":"https:\/\/www.morelli.cz\/en\/wp-json\/wp\/v2\/types\/page"}],"author":[{"embeddable":true,"href":"https:\/\/www.morelli.cz\/en\/wp-json\/wp\/v2\/users\/2"}],"replies":[{"embeddable":true,"href":"https:\/\/www.morelli.cz\/en\/wp-json\/wp\/v2\/comments?post=374"}],"version-history":[{"count":10,"href":"https:\/\/www.morelli.cz\/en\/wp-json\/wp\/v2\/pages\/374\/revisions"}],"predecessor-version":[{"id":431,"href":"https:\/\/www.morelli.cz\/en\/wp-json\/wp\/v2\/pages\/374\/revisions\/431"}],"wp:attachment":[{"href":"https:\/\/www.morelli.cz\/en\/wp-json\/wp\/v2\/media?parent=374"}],"curies":[{"name":"wp","href":"https:\/\/api.w.org\/{rel}","templated":true}]}}