{"id":404,"date":"2023-01-03T16:43:32","date_gmt":"2023-01-03T15:43:32","guid":{"rendered":"https:\/\/www.morelli.cz\/zasady-pouzivani-souboru-cookies\/"},"modified":"2023-03-27T08:11:51","modified_gmt":"2023-03-27T06:11:51","slug":"cookies","status":"publish","type":"page","link":"https:\/\/www.morelli.cz\/en\/cookies\/","title":{"rendered":"Policy on the use of cookies"},"content":{"rendered":"<h3>Co to jsou \u201ecookies\u201c?<\/h3>\n<p>\u201eCookies\u201c jsou mal\u00e9 datov\u00e9 soubory pou\u017e\u00edvan\u00e9 jako jedine\u010dn\u00e9 identifik\u00e1tory. Ka\u017ed\u00fd soubor cookie je jedine\u010dn\u00fd pro v\u00e1\u0161 webov\u00fd prohl\u00ed\u017ee\u010d. Soubor cookie obsahuje anonymn\u00ed informace a je odes\u00edl\u00e1n ze serveru webov\u00fdch str\u00e1nek, kter\u00e9 prohl\u00ed\u017e\u00edte, do va\u0161eho po\u010d\u00edta\u010de nebo mobiln\u00edho telefonu. Bude ulo\u017een na va\u0161em za\u0159\u00edzen\u00ed a pouze tento server bude moci vyhledat nebo na\u010d\u00edst obsah tohoto souboru cookie. Odeslan\u00e9 soubory cookies mohou b\u00fdt zasl\u00e1ny zp\u011bt na servery webov\u00fdch str\u00e1nek s aktualizovan\u00fdmi daty b\u011bhem va\u0161eho prohl\u00ed\u017een\u00ed webov\u00fdch str\u00e1nek. Cookies vyu\u017e\u00edv\u00e1 pro svou \u010dinnost naprost\u00e1 v\u011bt\u0161ina webov\u00fdch str\u00e1nek.<\/p>\n<p>Soubory cookies mohou b\u00fdt nastaveny webov\u00fdmi str\u00e1nkami, kter\u00e9 nav\u0161t\u011bvujete (\u201ena\u0161e cookies\u201c), nebo mohou b\u00fdt nastaveny organizac\u00ed, kter\u00e1 nen\u00ed vlastn\u00edkem webov\u00fdch str\u00e1nek, je\u017e si prohl\u00ed\u017e\u00edte (\u201ecookies t\u0159et\u00ed strany\u201c). Nap\u0159\u00edklad mohou b\u00fdt nastaveny jin\u00fdmi webov\u00fdmi str\u00e1nkami, kter\u00e9 spou\u0161t\u011bj\u00ed obsah na str\u00e1nce, kterou si prohl\u00ed\u017e\u00edte, nebo nez\u00e1vislou analytickou spole\u010dnost\u00ed. Webov\u00e9 str\u00e1nky, kter\u00e9 nav\u0161t\u011bvujete, mohou tak\u00e9 zahrnovat obsah vlo\u017een\u00fd z jin\u00fdch webov\u00fdch str\u00e1nek a tyto str\u00e1nky mohou rovn\u011b\u017e nastavit sv\u00e9 vlastn\u00ed cookies. Webov\u00e9 str\u00e1nky mohou pou\u017e\u00edvat reklamn\u00ed s\u00edt\u011b t\u0159et\u00ed osoby k poskytov\u00e1n\u00ed c\u00edlen\u00e9 reklamy. Tyto cookies mohou m\u00edt mo\u017enost sledovat va\u0161e prohl\u00ed\u017een\u00ed r\u016fzn\u00fdch str\u00e1nek.<\/p>\n<h3>Jak se d\u011bl\u00ed cookies<\/h3>\n<p>Cookies lze rozd\u011blit podle toho, kdo je k V\u00e1m na web umis\u0165uje, tj. na:<\/p>\n<ul>\n<li>Cookie prvn\u00ed strany (first party cookie) \u2013 jejich platnost je omezena na dom\u00e9nu webu, kter\u00fd prohl\u00ed\u017e\u00edte. Tyto cookies jsou pova\u017eov\u00e1ny za bezpe\u010dn\u011bj\u0161\u00ed.<\/li>\n<li>Cookie t\u0159et\u00ed strany (third party cookie) \u2013 jsou um\u00edst\u011bny pomoc\u00ed skriptu z jin\u00e9 dom\u00e9ny. U\u017eivatele tak lze sledovat nap\u0159\u00ed\u010d dom\u00e9nami. Pou\u017e\u00edvaj\u00ed se \u010dasto pro vyhodnocen\u00ed \u00fa\u010dinnosti reklamn\u00edch kan\u00e1l\u016f.<\/li>\n<\/ul>\n<h3>Tyto webov\u00e9 str\u00e1nky pou\u017e\u00edvaj\u00ed dva druhy cookies:<\/h3>\n<p>Kr\u00e1tkodob\u00e9, rela\u010dn\u00ed cookies (session cookie) \u2013 Rela\u010dn\u00ed cookies se ukl\u00e1daj\u00ed pouze do\u010dasn\u011b b\u011bhem relace prohl\u00ed\u017een\u00ed a jsou vymaz\u00e1ny z Va\u0161eho za\u0159\u00edzen\u00ed po zav\u0159en\u00ed prohl\u00ed\u017ee\u010de.<\/p>\n<p>Dlouhodob\u00e9, trval\u00e9 (persistent cookie) \u2013 Tento typ cookies se ukl\u00e1d\u00e1 ve va\u0161em po\u010d\u00edta\u010di po pevn\u011b stanovenou dobu, kter\u00e1 z\u00e1le\u017e\u00ed na nastaven\u00ed Va\u0161eho prohl\u00ed\u017ee\u010de a nastaven\u00ed cookie (obvykle m\u011bs\u00edc, rok nebo d\u00e9le) a tyto cookies nejsou vymaz\u00e1ny po zav\u0159en\u00ed prohl\u00ed\u017ee\u010de. Trval\u00e9 cookies se pou\u017e\u00edvaj\u00ed k Va\u0161\u00ed identifikaci od jedn\u00e9 relace prohl\u00ed\u017een\u00ed k dal\u0161\u00ed, nap\u0159\u00edklad k ulo\u017een\u00ed va\u0161ich preferenc\u00ed, tak\u017ee si je budou pamatovat pro dal\u0161\u00ed n\u00e1v\u0161t\u011bvu. M\u016f\u017eete je tak\u00e9 ru\u010dn\u011b odstranit.<\/p>\n<h3>Jak pou\u017e\u00edv\u00e1me cookies?<\/h3>\n<p>Soubory cookies pou\u017e\u00edv\u00e1me ke zlep\u0161en\u00ed va\u0161ich u\u017eivatelsk\u00fdch zku\u0161enost\u00ed tak, \u017ee webov\u00fdm str\u00e1nk\u00e1m umo\u017en\u00edme, aby v\u00e1s identifikovaly, bu\u010f po dobu trv\u00e1n\u00ed va\u0161\u00ed n\u00e1v\u0161t\u011bvy (za pou\u017eit\u00ed rela\u010dn\u00edch cookies), nebo pro opakovan\u00e9 n\u00e1v\u0161t\u011bvy (za pou\u017eit\u00ed trval\u00fdch cookies). Soubory cookies, kter\u00e9 pou\u017e\u00edv\u00e1me, mohou:<\/p>\n<ul>\n<li>b\u00fdt nezbytn\u011b zapot\u0159eb\u00ed pro v\u00e1\u0161 pohyb po str\u00e1nk\u00e1ch nebo poskytnut\u00ed n\u011bkter\u00fdch z\u00e1kladn\u00edch funkc\u00ed; nebo<\/li>\n<li>zlep\u0161ovat funkce na\u0161ich webov\u00fdch str\u00e1nek, nap\u0159\u00edklad ulo\u017een\u00edm va\u0161ich preferenc\u00ed. Zaznamen\u00e1vaj\u00ed va\u0161e volby (nap\u0159\u00edklad u\u017eivatelsk\u00e9 jm\u00e9no nebo zvolen\u00fd jazyk) a umo\u017e\u0148uj\u00ed n\u00e1m poskytovat personalizovan\u00e9 prost\u0159ed\u00ed; nebo<\/li>\n<li>n\u00e1m pom\u00e1hat zlep\u0161it v\u00fdkonnost na\u0161ich webov\u00fdch str\u00e1nek, aby v\u00e1m nab\u00eddly lep\u0161\u00ed u\u017eivatelsk\u00e9 zku\u0161enosti. Informace poskytovan\u00e9 t\u011bmito soubory cookies jsou anonymn\u00ed a pom\u00e1haj\u00ed n\u00e1m pochopit, jak na\u0161i n\u00e1v\u0161t\u011bvn\u00edci pou\u017e\u00edvaj\u00ed na\u0161e webov\u00e9 str\u00e1nky, abychom mohli zlep\u0161it prezentaci sv\u00e9ho obsahu. Tyto slu\u017eby jsou obecn\u011b poskytov\u00e1ny nez\u00e1visl\u00fdmi spole\u010dnostmi pro m\u011b\u0159en\u00ed a v\u00fdzkum, tak\u017ee se v p\u0159\u00edpad\u011b t\u011bchto cookies m\u016f\u017ee jednat o cookies t\u0159et\u00edch stran.<\/li>\n<\/ul>\n<p>Kdybychom cookies nepou\u017e\u00edvali, na\u0161e webov\u00e9 str\u00e1nky by v\u00e1s pova\u017eovaly za nov\u00e9ho n\u00e1v\u0161t\u011bvn\u00edka poka\u017ed\u00e9, kdy\u017e se dostanete na novou str\u00e1nku na\u0161ich webov\u00fdch str\u00e1nek \u2013 nap\u0159\u00edklad kdy\u017e zad\u00e1te p\u0159ihla\u0161ovac\u00ed \u00fadaje a p\u0159ejdete na dal\u0161\u00ed str\u00e1nku, nerozpoznaly by v\u00e1s a nemohli byste z\u016fstat p\u0159ihl\u00e1\u0161eni.<\/p>\n<p>Soubory cookies pot\u0159ebujeme pou\u017e\u00edvat, abychom zachovali efektivnost na\u0161ich webov\u00fdch str\u00e1nek a poskytli v\u00e1m u\u017eivatelsky p\u0159\u00e1telsk\u00e9 prost\u0159ed\u00ed. Proto nelze zejm\u00e9na nezbytn\u011b nutn\u00e9 technick\u00e9 cookies zablokovat samostatn\u011b a pokra\u010dov\u00e1n\u00edm prohl\u00ed\u017een\u00ed na\u0161ich webov\u00fdch str\u00e1nek a pou\u017e\u00edv\u00e1n\u00edm na\u0161ich online slu\u017eeb souhlas\u00edte s t\u00edm, \u017ee m\u016f\u017eeme na va\u0161e za\u0159\u00edzen\u00ed tyto soubory cookies um\u00edstit.<\/p>\n<p>Na\u0161e webov\u00e9 str\u00e1nky rovn\u011b\u017e pou\u017e\u00edvaj\u00ed cookies pro behavior\u00e1ln\u011b c\u00edlenou reklamu, co\u017e n\u00e1m umo\u017e\u0148uje upravit reklamu a zajistit, \u017ee pro v\u00e1s bude relevantn\u00ed, a to na z\u00e1klad\u011b oblast\u00ed, kter\u00e9 na na\u0161\u00ed webov\u00e9 str\u00e1nce prohl\u00ed\u017e\u00edte, a geografick\u00e9ho um\u00edst\u011bn\u00ed va\u0161\u00ed adresy IP. Tyto cookies jsou um\u00edst\u011bny reklamn\u00edmi s\u00edt\u011bmi t\u0159et\u00edch osob s na\u0161\u00edm souhlasem.<\/p>\n<h3>K\u00a0\u010demu cookies pou\u017e\u00edv\u00e1me<\/h3>\n<p>Na na\u0161em webu pou\u017e\u00edv\u00e1me tyto cookies:<\/p>\n<ul>\n<li>Nezbytn\u00e9 \u2013 prvn\u00ed strany, kr\u00e1tkodob\u00e9. Zaji\u0161\u0165uj\u00ed z\u00e1kladn\u00ed technickou funk\u010dnost webu, tj. p\u0159ihla\u0161ov\u00e1n\u00ed, zapamatov\u00e1n\u00ed si nastaven\u00ed, vyu\u017e\u00edv\u00e1n\u00ed slu\u017eeb apod.<\/li>\n<li>Analytick\u00e9 (nap\u0159. Google Analytics) \u2013 prvn\u00ed strany, dlouhodob\u00e9. Jsou vyu\u017eity ke generov\u00e1n\u00ed anonymn\u00edch statistik o pou\u017e\u00edv\u00e1n\u00ed webu.<\/li>\n<li>Marketingov\u00e9 \u2013 prvn\u00ed i t\u0159et\u00ed strany. Jsou vyu\u017e\u00edv\u00e1ny pro behavior\u00e1ln\u00ed c\u00edlen\u00ed reklamy podle z\u00e1jm\u016f. Kdy\u017e u\u017e se reklama mus\u00ed zobrazovat (jako hlavn\u00ed p\u0159\u00edjem pro web a tvorbu jeho obsahu), tak a\u0165 se u\u017eivateli \/ \u010dten\u00e1\u0159i zobrazuj\u00ed nab\u00eddky, kter\u00e9 jej mohou skute\u010dn\u011b zaj\u00edmat.<\/li>\n<li>Funk\u010dn\u00ed \u2013 prvn\u00ed strany, kr\u00e1tkodob\u00e9 i dlouhodob\u00e9. Usnad\u0148uj\u00ed n\u00e1v\u0161t\u011bvn\u00edkovi nap\u0159. zapamatov\u00e1n\u00ed si nastaven\u00ed jazykov\u00e9 preference apod.<\/li>\n<\/ul>\n<p><strong>D\u016fle\u017eit\u00e9<\/strong>: Do cookies\u00a0<strong>nikdy<\/strong>\u00a0neumis\u0165ujeme citliv\u00e1 nebo osobn\u00ed data. \u017d\u00e1dn\u00fd z n\u00e1mi vytvo\u0159en\u00fdch cookie soubor\u016f nevede k individu\u00e1ln\u00ed identifikaci u\u017eivatele \/ \u010dten\u00e1\u0159e, shroma\u017e\u010fovan\u00e1 data jsou anonymn\u00ed.<\/p>\n<h3>Webov\u00e9 str\u00e1nky t\u0159et\u00edch osob<\/h3>\n<p>Pokud pou\u017e\u00edv\u00e1te webov\u00e9 str\u00e1nky na\u0161ich partner\u016f, m\u016f\u017ee b\u00fdt soubor cookie nastaven nav\u0161t\u00edven\u00fdmi webov\u00fdmi str\u00e1nkami. Tyto str\u00e1nky neprovozujeme, a nem\u00e1me tedy kontrolu nad \u0161\u00ed\u0159en\u00edm t\u011bchto cookies. V\u00edce informac\u00ed o t\u011bchto cookies najdete na webov\u00fdch str\u00e1nk\u00e1ch p\u0159\u00edslu\u0161n\u00e9 t\u0159et\u00ed osoby.<\/p>\n<h3>Jak\u00e9 cookies pou\u017e\u00edv\u00e1me?<\/h3>\n<p><script type=\"text\/javascript\" charset=\"UTF-8\" data-cookiescriptreport=\"report\" src=\"\/\/report.cookie-script.com\/r\/fa583bddc0550705a104aa4c7f76ed6f.js\"><\/script><\/p>\n<p>V\u0161echny v\u00fd\u0161e uveden\u00e9 cookies jsou pou\u017e\u00edv\u00e1ny pouze k \u00fa\u010delu uveden\u00e9mu v tabulce.<\/p>\n<h3>Pou\u017e\u00edv\u00e1me Google Analytics<\/h3>\n<p>Tato str\u00e1nka pou\u017e\u00edv\u00e1 slu\u017ebu Google Analytics, poskytovanou spole\u010dnost\u00ed Google, Inc. (d\u00e1le jen \u201eGoogle\u201c). Slu\u017eba Google Analytics pou\u017e\u00edv\u00e1 soubor\u016f cookies. Informace o u\u017e\u00edv\u00e1n\u00ed str\u00e1nky spolu s\u00a0obsahem souboru cookie bude spole\u010dnost\u00ed Google p\u0159enesen a ulo\u017een na serverech ve Spojen\u00fdch st\u00e1tech. Google bude u\u017e\u00edvat t\u011bchto informac\u00ed pro \u00fa\u010dely vyhodnocov\u00e1n\u00ed u\u017e\u00edv\u00e1n\u00ed str\u00e1nky a vytv\u00e1\u0159en\u00ed zpr\u00e1v o jej\u00ed aktivit\u011b, ur\u010den\u00fdch pro jej\u00ed provozovatele, a pro poskytov\u00e1n\u00ed dal\u0161\u00edch slu\u017eeb t\u00fdkaj\u00edc\u00edch se \u010dinnost\u00ed na str\u00e1nce a u\u017e\u00edv\u00e1n\u00ed internetu v\u016fbec. Google m\u016f\u017ee tak\u00e9 poskytnout tyto informace t\u0159et\u00edm osob\u00e1m, bude-li to po\u017eadov\u00e1no z\u00e1konem nebo budu-li takov\u00e9to t\u0159et\u00ed osoby zpracov\u00e1vat tyto informace pro Google.<\/p>\n<p>Slu\u017eba Google Analytics je roz\u0161\u00ed\u0159ena o souvisej\u00edc\u00ed reklamn\u00ed funkce poskytovan\u00e9 spole\u010dnost\u00ed Google, a to:<\/p>\n<ul>\n<li>p\u0159ehledy zobrazen\u00ed v reklamn\u00ed s\u00edti Google,<\/li>\n<li>remarketing (zobrazov\u00e1n\u00ed reklam v obsahov\u00e9 s\u00edti na z\u00e1klad\u011b zhl\u00e9dnut\u00fdch produkt\u016f),<\/li>\n<li>roz\u0161\u00ed\u0159en\u00e9 demografick\u00e9 p\u0159ehledy (reportov\u00e1n\u00ed anonymn\u00edch demografick\u00fdch dat). V\u00edce informac\u00ed o zpracov\u00e1n\u00ed a vyu\u017eit\u00ed dat najdete ve smluvn\u00edch podm\u00ednk\u00e1ch spole\u010dnosti Google\u00a0 (<a href=\"https:\/\/policies.google.com\/technologies\/partner-sites?hl=cs\" target=\"_blank\" rel=\"noopener\">https:\/\/policies.google.com\/technologies\/partner-sites?hl=cs<\/a>).<\/li>\n<\/ul>\n<h3>Zm\u011bny nastaven\u00ed pou\u017eit\u00ed cookies ve va\u0161em za\u0159\u00edzen\u00ed<\/h3>\n<p>V p\u0159\u00edpad\u011b, \u017ee budete cht\u00edt jakkoliv sv\u00e9 nastaven\u00ed pou\u017eit\u00ed cookies na t\u00e9to str\u00e1nce upravit, rozklikn\u011bte si ikonu ve spodn\u00ed \u010d\u00e1sti obrazovky a p\u0159ejd\u011bte na z\u00e1lo\u017eku Upravit nastaven\u00ed, kde m\u016f\u017eete jednotliv\u00e9 cookies libovoln\u011b zap\u00ednat \/ vyp\u00ednat.<\/p>\n","protected":false},"excerpt":{"rendered":"<p>Co to jsou \u201ecookies\u201c? \u201eCookies\u201c jsou mal\u00e9 datov\u00e9 soubory pou\u017e\u00edvan\u00e9 jako jedine\u010dn\u00e9 identifik\u00e1tory. Ka\u017ed\u00fd soubor&#8230;<\/p>\n","protected":false},"author":2,"featured_media":0,"parent":0,"menu_order":0,"comment_status":"closed","ping_status":"closed","template":"","meta":{"inline_featured_image":false,"_exactmetrics_skip_tracking":false,"_exactmetrics_sitenote_active":false,"_exactmetrics_sitenote_note":"","_exactmetrics_sitenote_category":0},"acf":[],"yoast_head":"<!-- This site is optimized with the Yoast SEO plugin v20.4 - https:\/\/yoast.com\/wordpress\/plugins\/seo\/ -->\n<title>Policy on the use of cookies - Morelli Electronic<\/title>\n<meta name=\"robots\" content=\"index, follow, max-snippet:-1, max-image-preview:large, max-video-preview:-1\" \/>\n<link rel=\"canonical\" href=\"https:\/\/www.morelli.cz\/en\/cookies\/\" \/>\n<meta property=\"og:locale\" content=\"en_US\" \/>\n<meta property=\"og:type\" content=\"article\" \/>\n<meta property=\"og:title\" content=\"Policy on the use of cookies - Morelli Electronic\" \/>\n<meta property=\"og:description\" content=\"Co to jsou \u201ecookies\u201c? \u201eCookies\u201c jsou mal\u00e9 datov\u00e9 soubory pou\u017e\u00edvan\u00e9 jako jedine\u010dn\u00e9 identifik\u00e1tory. Ka\u017ed\u00fd soubor...\" \/>\n<meta property=\"og:url\" content=\"https:\/\/www.morelli.cz\/en\/cookies\/\" \/>\n<meta property=\"og:site_name\" content=\"Morelli Electronic\" \/>\n<meta property=\"article:modified_time\" content=\"2023-03-27T06:11:51+00:00\" \/>\n<meta name=\"twitter:card\" content=\"summary_large_image\" \/>\n<meta name=\"twitter:label1\" content=\"Est. reading time\" \/>\n\t<meta name=\"twitter:data1\" content=\"6 minutes\" \/>\n<script type=\"application\/ld+json\" class=\"yoast-schema-graph\">{\"@context\":\"https:\/\/schema.org\",\"@graph\":[{\"@type\":\"WebPage\",\"@id\":\"https:\/\/www.morelli.cz\/en\/cookies\/\",\"url\":\"https:\/\/www.morelli.cz\/en\/cookies\/\",\"name\":\"Policy on the use of cookies - Morelli Electronic\",\"isPartOf\":{\"@id\":\"https:\/\/www.morelli.cz\/en\/#website\"},\"datePublished\":\"2023-01-03T15:43:32+00:00\",\"dateModified\":\"2023-03-27T06:11:51+00:00\",\"inLanguage\":\"en-US\",\"potentialAction\":[{\"@type\":\"ReadAction\",\"target\":[\"https:\/\/www.morelli.cz\/en\/cookies\/\"]}]},{\"@type\":\"WebSite\",\"@id\":\"https:\/\/www.morelli.cz\/en\/#website\",\"url\":\"https:\/\/www.morelli.cz\/en\/\",\"name\":\"Morelli Electronic\",\"description\":\"\",\"potentialAction\":[{\"@type\":\"SearchAction\",\"target\":{\"@type\":\"EntryPoint\",\"urlTemplate\":\"https:\/\/www.morelli.cz\/en\/?s={search_term_string}\"},\"query-input\":\"required name=search_term_string\"}],\"inLanguage\":\"en-US\"}]}<\/script>\n<!-- \/ Yoast SEO plugin. -->","yoast_head_json":{"title":"Policy on the use of cookies - Morelli Electronic","robots":{"index":"index","follow":"follow","max-snippet":"max-snippet:-1","max-image-preview":"max-image-preview:large","max-video-preview":"max-video-preview:-1"},"canonical":"https:\/\/www.morelli.cz\/en\/cookies\/","og_locale":"en_US","og_type":"article","og_title":"Policy on the use of cookies - Morelli Electronic","og_description":"Co to jsou \u201ecookies\u201c? \u201eCookies\u201c jsou mal\u00e9 datov\u00e9 soubory pou\u017e\u00edvan\u00e9 jako jedine\u010dn\u00e9 identifik\u00e1tory. Ka\u017ed\u00fd soubor...","og_url":"https:\/\/www.morelli.cz\/en\/cookies\/","og_site_name":"Morelli Electronic","article_modified_time":"2023-03-27T06:11:51+00:00","twitter_card":"summary_large_image","twitter_misc":{"Est. reading time":"6 minutes"},"schema":{"@context":"https:\/\/schema.org","@graph":[{"@type":"WebPage","@id":"https:\/\/www.morelli.cz\/en\/cookies\/","url":"https:\/\/www.morelli.cz\/en\/cookies\/","name":"Policy on the use of cookies - Morelli Electronic","isPartOf":{"@id":"https:\/\/www.morelli.cz\/en\/#website"},"datePublished":"2023-01-03T15:43:32+00:00","dateModified":"2023-03-27T06:11:51+00:00","inLanguage":"en-US","potentialAction":[{"@type":"ReadAction","target":["https:\/\/www.morelli.cz\/en\/cookies\/"]}]},{"@type":"WebSite","@id":"https:\/\/www.morelli.cz\/en\/#website","url":"https:\/\/www.morelli.cz\/en\/","name":"Morelli Electronic","description":"","potentialAction":[{"@type":"SearchAction","target":{"@type":"EntryPoint","urlTemplate":"https:\/\/www.morelli.cz\/en\/?s={search_term_string}"},"query-input":"required name=search_term_string"}],"inLanguage":"en-US"}]}},"_links":{"self":[{"href":"https:\/\/www.morelli.cz\/en\/wp-json\/wp\/v2\/pages\/404"}],"collection":[{"href":"https:\/\/www.morelli.cz\/en\/wp-json\/wp\/v2\/pages"}],"about":[{"href":"https:\/\/www.morelli.cz\/en\/wp-json\/wp\/v2\/types\/page"}],"author":[{"embeddable":true,"href":"https:\/\/www.morelli.cz\/en\/wp-json\/wp\/v2\/users\/2"}],"replies":[{"embeddable":true,"href":"https:\/\/www.morelli.cz\/en\/wp-json\/wp\/v2\/comments?post=404"}],"version-history":[{"count":1,"href":"https:\/\/www.morelli.cz\/en\/wp-json\/wp\/v2\/pages\/404\/revisions"}],"predecessor-version":[{"id":405,"href":"https:\/\/www.morelli.cz\/en\/wp-json\/wp\/v2\/pages\/404\/revisions\/405"}],"wp:attachment":[{"href":"https:\/\/www.morelli.cz\/en\/wp-json\/wp\/v2\/media?parent=404"}],"curies":[{"name":"wp","href":"https:\/\/api.w.org\/{rel}","templated":true}]}}